{"id":493,"date":"2018-07-18T11:55:09","date_gmt":"2018-07-18T11:55:09","guid":{"rendered":"https:\/\/demo.afthemes.com\/storymag-pro\/?page_id=37"},"modified":"2025-12-06T20:42:28","modified_gmt":"2025-12-06T23:42:28","slug":"home","status":"publish","type":"page","link":"https:\/\/patosesportes.com.br\/","title":{"rendered":"Inicio"},"content":{"rendered":"\t\t<div data-elementor-type=\"wp-post\" data-elementor-id=\"493\" class=\"elementor elementor-493\">\n\t\t\t\t\t\t<section class=\"elementor-section elementor-top-section elementor-element elementor-element-5458582 elementor-section-boxed elementor-section-height-default elementor-section-height-default\" data-id=\"5458582\" data-element_type=\"section\">\n\t\t\t\t\t\t<div class=\"elementor-container elementor-column-gap-default\">\n\t\t\t\t\t<div class=\"elementor-column elementor-col-100 elementor-top-column elementor-element elementor-element-2ac2e38\" data-id=\"2ac2e38\" data-element_type=\"column\">\n\t\t\t<div class=\"elementor-widget-wrap elementor-element-populated\">\n\t\t\t\t\t\t<div class=\"elementor-element elementor-element-e61a415 elementor-widget elementor-widget-ColorMag-Posts-Block-4\" data-id=\"e61a415\" data-element_type=\"widget\" data-widget_type=\"ColorMag-Posts-Block-4.default\">\n\t\t\t\t<div class=\"elementor-widget-container\">\n\t\t\t\n\t\t<div class=\"tg-module-block tg-module-block--style-4 tg-module-wrapper\">\n\t\t\n\t\t\t<div class=\"tg_module_block tg-row tg-two-block\">\n\t\t\t\t\t\t\t\t\t\t<figure class=\"tg-module-thumb tg-col-control\">\n\t\t\t\t\t\t\t<a href=\"https:\/\/patosesportes.com.br\/?p=4631\" class=\"tg-thumb-link\">\n\t\t\t<img fetchpriority=\"high\" decoding=\"async\" width=\"392\" height=\"272\" src=\"https:\/\/patosesportes.com.br\/wp-content\/uploads\/2026\/04\/c6bf43_c03a217649f8483fb75003208d2a87b7mv2-392x272.avif\" class=\"attachment-colormag-highlighted-post size-colormag-highlighted-post wp-post-image\" alt=\"\" srcset=\"https:\/\/patosesportes.com.br\/wp-content\/uploads\/2026\/04\/c6bf43_c03a217649f8483fb75003208d2a87b7mv2-392x272.avif 392w, https:\/\/patosesportes.com.br\/wp-content\/uploads\/2026\/04\/c6bf43_c03a217649f8483fb75003208d2a87b7mv2-130x90.avif 130w, https:\/\/patosesportes.com.br\/wp-content\/uploads\/2026\/04\/c6bf43_c03a217649f8483fb75003208d2a87b7mv2-600x417.avif 600w\" sizes=\"(max-width: 392px) 100vw, 392px\" \/>\t\t<\/a>\n\t\t\t\t\t<\/figure>\n\t\t\t\t\t\n\t\t\t<div class=\"tg-module-info tg-col-control\">\n\t\t\t\t\t<h3 class=\"tg-module-title entry-title\">\n\t\t\t<a href=\"https:\/\/patosesportes.com.br\/?p=4631\">Mamor\u00e9 apresenta executivo, treinador e refor\u00e7os visando 2026<\/a>\n\t\t<\/h3>\n\t\t\n\t\t\t\t\n\t\t<div class=\"tg-module-meta\">\n\t\t\t\n\t\t\t<span class=\"tg-post-date entry-date\">\n\t\t\t\t<a href=\"https:\/\/patosesportes.com.br\/?p=4631\" rel=\"bookmark\"><time class=\"entry-date published\" datetime=\"2026-04-07T17:53:54-03:00\">7 de Abril, 2026<\/time><time class=\"updated\" datetime=\"2026-04-07T17:53:55-03:00\">7 de Abril, 2026<\/time><\/a>\t\t\t<\/span>\n\n\t\t\t<span class=\"tg-post-auther-name author vcard\">\n\t\t\t\t<a class=\"url fn n\" href=\"https:\/\/patosesportes.com.br\/?author=1\">admin<\/a>\t\t\t<\/span>\n\n\t\t\t\t\t\t\t<span class=\"tg-module-comments\">\n\t\t\t\t\t<a href=\"https:\/\/patosesportes.com.br\/?p=4631#respond\">0<\/a>\t\t\t\t<\/span>\n\t\t\t\t\t<\/div>\n\n\t\t\n\t\t\t\t\n\t\t\t\t\t\t\t\t\t<div class=\"tg-excerpt entry-content\">\n\t\t\t\t\t\t<p>O Esporte Clube Mamor\u00e9 apresentou, em coletiva realizada no HZ Hotel, seu novo executivo de futebol para 2026. Bruno Mineiro,<\/p>\n\t\t\t\t\t<\/div>\n\n\t\t\t\t\t\t\t\t\t<\/div>\n\t\t\t\t<\/div>\n\n\t\t\t\t\n\t\t\t<div class=\"tg_module_block tg-row tg-two-block\">\n\t\t\t\t\t\t\t\t\t\t<figure class=\"tg-module-thumb tg-col-control\">\n\t\t\t\t\t\t\t<a href=\"https:\/\/patosesportes.com.br\/?p=4627\" class=\"tg-thumb-link\">\n\t\t\t<img decoding=\"async\" width=\"392\" height=\"272\" src=\"https:\/\/patosesportes.com.br\/wp-content\/uploads\/2026\/03\/WhatsApp-Image-2026-03-17-at-10.32.45-392x272.jpeg\" class=\"attachment-colormag-highlighted-post size-colormag-highlighted-post wp-post-image\" alt=\"\" srcset=\"https:\/\/patosesportes.com.br\/wp-content\/uploads\/2026\/03\/WhatsApp-Image-2026-03-17-at-10.32.45-392x272.jpeg 392w, https:\/\/patosesportes.com.br\/wp-content\/uploads\/2026\/03\/WhatsApp-Image-2026-03-17-at-10.32.45-130x90.jpeg 130w\" sizes=\"(max-width: 392px) 100vw, 392px\" \/>\t\t<\/a>\n\t\t\t\t\t<\/figure>\n\t\t\t\t\t\n\t\t\t<div class=\"tg-module-info tg-col-control\">\n\t\t\t\t\t<h3 class=\"tg-module-title entry-title\">\n\t\t\t<a href=\"https:\/\/patosesportes.com.br\/?p=4627\">O North Esporte Clube sagrou-se campe\u00e3o do Trof\u00e9u Inconfid\u00eancia<\/a>\n\t\t<\/h3>\n\t\t\n\t\t\t\t\n\t\t<div class=\"tg-module-meta\">\n\t\t\t\n\t\t\t<span class=\"tg-post-date entry-date\">\n\t\t\t\t<a href=\"https:\/\/patosesportes.com.br\/?p=4627\" rel=\"bookmark\"><time class=\"entry-date published\" datetime=\"2026-03-17T10:34:02-03:00\">17 de Mar\u00e7o, 2026<\/time><time class=\"updated\" datetime=\"2026-03-17T10:34:03-03:00\">17 de Mar\u00e7o, 2026<\/time><\/a>\t\t\t<\/span>\n\n\t\t\t<span class=\"tg-post-auther-name author vcard\">\n\t\t\t\t<a class=\"url fn n\" href=\"https:\/\/patosesportes.com.br\/?author=1\">admin<\/a>\t\t\t<\/span>\n\n\t\t\t\t\t\t\t<span class=\"tg-module-comments\">\n\t\t\t\t\t<a href=\"https:\/\/patosesportes.com.br\/?p=4627#respond\">0<\/a>\t\t\t\t<\/span>\n\t\t\t\t\t<\/div>\n\n\t\t\n\t\t\t\t\n\t\t\t\t\t\t\t\t\t<div class=\"tg-excerpt entry-content\">\n\t\t\t\t\t\t<p>O North Esporte Clube sagrou-se campe\u00e3o do Trof\u00e9u Inconfid\u00eancia, ao derrotar novamente a URT, agora por 1\u00d70, no Est\u00e1dio Juv\u00eancio<\/p>\n\t\t\t\t\t<\/div>\n\n\t\t\t\t\t\t\t\t\t<\/div>\n\t\t\t\t<\/div>\n\n\t\t\t\t\n\t\t\t<div class=\"tg_module_block tg-row tg-two-block\">\n\t\t\t\t\t\t\t\t\t\t<figure class=\"tg-module-thumb tg-col-control\">\n\t\t\t\t\t\t\t<a href=\"https:\/\/patosesportes.com.br\/?p=4621\" class=\"tg-thumb-link\">\n\t\t\t<img decoding=\"async\" width=\"392\" height=\"272\" src=\"https:\/\/patosesportes.com.br\/wp-content\/uploads\/2026\/03\/WhatsApp-Image-2026-03-02-at-11.05.47-392x272.jpeg\" class=\"attachment-colormag-highlighted-post size-colormag-highlighted-post wp-post-image\" alt=\"\" srcset=\"https:\/\/patosesportes.com.br\/wp-content\/uploads\/2026\/03\/WhatsApp-Image-2026-03-02-at-11.05.47-392x272.jpeg 392w, https:\/\/patosesportes.com.br\/wp-content\/uploads\/2026\/03\/WhatsApp-Image-2026-03-02-at-11.05.47-130x90.jpeg 130w, https:\/\/patosesportes.com.br\/wp-content\/uploads\/2026\/03\/WhatsApp-Image-2026-03-02-at-11.05.47-600x417.jpeg 600w\" sizes=\"(max-width: 392px) 100vw, 392px\" \/>\t\t<\/a>\n\t\t\t\t\t<\/figure>\n\t\t\t\t\t\n\t\t\t<div class=\"tg-module-info tg-col-control\">\n\t\t\t\t\t<h3 class=\"tg-module-title entry-title\">\n\t\t\t<a href=\"https:\/\/patosesportes.com.br\/?p=4621\">Esporte Clube Mamor\u00e9 volta a campo no s\u00e1bado pela Copa Amapar<\/a>\n\t\t<\/h3>\n\t\t\n\t\t\t\t\n\t\t<div class=\"tg-module-meta\">\n\t\t\t\n\t\t\t<span class=\"tg-post-date entry-date\">\n\t\t\t\t<a href=\"https:\/\/patosesportes.com.br\/?p=4621\" rel=\"bookmark\"><time class=\"entry-date published\" datetime=\"2026-03-02T10:56:46-03:00\">2 de Mar\u00e7o, 2026<\/time><time class=\"updated\" datetime=\"2026-03-02T11:06:22-03:00\">2 de Mar\u00e7o, 2026<\/time><\/a>\t\t\t<\/span>\n\n\t\t\t<span class=\"tg-post-auther-name author vcard\">\n\t\t\t\t<a class=\"url fn n\" href=\"https:\/\/patosesportes.com.br\/?author=1\">admin<\/a>\t\t\t<\/span>\n\n\t\t\t\t\t\t\t<span class=\"tg-module-comments\">\n\t\t\t\t\t<a href=\"https:\/\/patosesportes.com.br\/?p=4621#respond\">0<\/a>\t\t\t\t<\/span>\n\t\t\t\t\t<\/div>\n\n\t\t\n\t\t\t\t\n\t\t\t\t\t\t\t\t\t<div class=\"tg-excerpt entry-content\">\n\t\t\t\t\t\t<p>A equipe sub-20 do Esporte Clube Mamor\u00e9 volta a campo no pr\u00f3ximo dia 7 de mar\u00e7o (s\u00e1bado), \u00e0s 15h30, no<\/p>\n\t\t\t\t\t<\/div>\n\n\t\t\t\t\t\t\t\t\t<\/div>\n\t\t\t\t<\/div>\n\n\t\t\t\t\n\t\t\t<div class=\"tg_module_block tg-row tg-two-block\">\n\t\t\t\t\t\t\t\t\t\t<figure class=\"tg-module-thumb tg-col-control\">\n\t\t\t\t\t\t\t<a href=\"https:\/\/patosesportes.com.br\/?p=4617\" class=\"tg-thumb-link\">\n\t\t\t<img loading=\"lazy\" decoding=\"async\" width=\"392\" height=\"272\" src=\"https:\/\/patosesportes.com.br\/wp-content\/uploads\/2026\/03\/WhatsApp-Image-2026-02-28-at-23.11.29-392x272.jpeg\" class=\"attachment-colormag-highlighted-post size-colormag-highlighted-post wp-post-image\" alt=\"\" srcset=\"https:\/\/patosesportes.com.br\/wp-content\/uploads\/2026\/03\/WhatsApp-Image-2026-02-28-at-23.11.29-392x272.jpeg 392w, https:\/\/patosesportes.com.br\/wp-content\/uploads\/2026\/03\/WhatsApp-Image-2026-02-28-at-23.11.29-130x90.jpeg 130w, https:\/\/patosesportes.com.br\/wp-content\/uploads\/2026\/03\/WhatsApp-Image-2026-02-28-at-23.11.29-600x417.jpeg 600w\" sizes=\"(max-width: 392px) 100vw, 392px\" \/>\t\t<\/a>\n\t\t\t\t\t<\/figure>\n\t\t\t\t\t\n\t\t\t<div class=\"tg-module-info tg-col-control\">\n\t\t\t\t\t<h3 class=\"tg-module-title entry-title\">\n\t\t\t<a href=\"https:\/\/patosesportes.com.br\/?p=4617\">A Trov\u00e3o Azul est\u00e1 na final do Trof\u00e9u Inconfid\u00eancia<\/a>\n\t\t<\/h3>\n\t\t\n\t\t\t\t\n\t\t<div class=\"tg-module-meta\">\n\t\t\t\n\t\t\t<span class=\"tg-post-date entry-date\">\n\t\t\t\t<a href=\"https:\/\/patosesportes.com.br\/?p=4617\" rel=\"bookmark\"><time class=\"entry-date published\" datetime=\"2026-03-02T10:48:37-03:00\">2 de Mar\u00e7o, 2026<\/time><time class=\"updated\" datetime=\"2026-03-02T10:49:43-03:00\">2 de Mar\u00e7o, 2026<\/time><\/a>\t\t\t<\/span>\n\n\t\t\t<span class=\"tg-post-auther-name author vcard\">\n\t\t\t\t<a class=\"url fn n\" href=\"https:\/\/patosesportes.com.br\/?author=1\">admin<\/a>\t\t\t<\/span>\n\n\t\t\t\t\t\t\t<span class=\"tg-module-comments\">\n\t\t\t\t\t<a href=\"https:\/\/patosesportes.com.br\/?p=4617#respond\">0<\/a>\t\t\t\t<\/span>\n\t\t\t\t\t<\/div>\n\n\t\t\n\t\t\t\t\n\t\t\t\t\t\t\t\t\t<div class=\"tg-excerpt entry-content\">\n\t\t\t\t\t\t<p>A URT est\u00e1 na final do Trof\u00e9u Inconfid\u00eancia. A equipe celeste garantiu a vaga ap\u00f3s duas vit\u00f3rias sobre o Tombense<\/p>\n\t\t\t\t\t<\/div>\n\n\t\t\t\t\t\t\t\t\t<\/div>\n\t\t\t\t<\/div>\n\n\t\t\t\t\n\t\t\t<div class=\"tg_module_block tg-row tg-two-block\">\n\t\t\t\t\t\t\t\t\t\t<figure class=\"tg-module-thumb tg-col-control\">\n\t\t\t\t\t\t\t<a href=\"https:\/\/patosesportes.com.br\/?p=4607\" class=\"tg-thumb-link\">\n\t\t\t<img loading=\"lazy\" decoding=\"async\" width=\"392\" height=\"272\" src=\"https:\/\/patosesportes.com.br\/wp-content\/uploads\/2026\/02\/WhatsApp-Image-2026-02-23-at-17.43.49-392x272.jpeg\" class=\"attachment-colormag-highlighted-post size-colormag-highlighted-post wp-post-image\" alt=\"\" srcset=\"https:\/\/patosesportes.com.br\/wp-content\/uploads\/2026\/02\/WhatsApp-Image-2026-02-23-at-17.43.49-392x272.jpeg 392w, https:\/\/patosesportes.com.br\/wp-content\/uploads\/2026\/02\/WhatsApp-Image-2026-02-23-at-17.43.49-130x90.jpeg 130w, https:\/\/patosesportes.com.br\/wp-content\/uploads\/2026\/02\/WhatsApp-Image-2026-02-23-at-17.43.49-600x417.jpeg 600w\" sizes=\"(max-width: 392px) 100vw, 392px\" \/>\t\t<\/a>\n\t\t\t\t\t<\/figure>\n\t\t\t\t\t\n\t\t\t<div class=\"tg-module-info tg-col-control\">\n\t\t\t\t\t<h3 class=\"tg-module-title entry-title\">\n\t\t\t<a href=\"https:\/\/patosesportes.com.br\/?p=4607\">Fora de casa, Mamor\u00e9 sai na frente, mas e batido pelo Nacional FC<\/a>\n\t\t<\/h3>\n\t\t\n\t\t\t\t\n\t\t<div class=\"tg-module-meta\">\n\t\t\t\n\t\t\t<span class=\"tg-post-date entry-date\">\n\t\t\t\t<a href=\"https:\/\/patosesportes.com.br\/?p=4607\" rel=\"bookmark\"><time class=\"entry-date published\" datetime=\"2026-02-23T17:44:39-03:00\">23 de Fevereiro, 2026<\/time><time class=\"updated\" datetime=\"2026-02-24T11:46:54-03:00\">24 de Fevereiro, 2026<\/time><\/a>\t\t\t<\/span>\n\n\t\t\t<span class=\"tg-post-auther-name author vcard\">\n\t\t\t\t<a class=\"url fn n\" href=\"https:\/\/patosesportes.com.br\/?author=1\">admin<\/a>\t\t\t<\/span>\n\n\t\t\t\t\t\t\t<span class=\"tg-module-comments\">\n\t\t\t\t\t<a href=\"https:\/\/patosesportes.com.br\/?p=4607#respond\">0<\/a>\t\t\t\t<\/span>\n\t\t\t\t\t<\/div>\n\n\t\t\n\t\t\t\t\n\t\t\t\t\t\t\t\t\t<div class=\"tg-excerpt entry-content\">\n\t\t\t\t\t\t<p>O EC Mamor\u00e9 perdeu no s\u00e1bado para o Nacional FC, da cidade de Tiros. O local venceu pelo placar de<\/p>\n\t\t\t\t\t<\/div>\n\n\t\t\t\t\t\t\t\t\t<\/div>\n\t\t\t\t<\/div>\n\n\t\t\t\t\t\t\t\t<\/div>\n\n\t\t\t\t\t\t<\/div>\n\t\t\t\t<\/div>\n\t\t\t\t\t<\/div>\n\t\t<\/div>\n\t\t\t\t\t<\/div>\n\t\t<\/section>\n\t\t\t\t<\/div>\n\t\t","protected":false},"excerpt":{"rendered":"<p>Trov\u00e3o Azul apresenta elenco, comiss\u00e3o t\u00e9cnica e novos uniformes para o Campeonato Mineiro 2026 24 de Novembro, 202524 de Novembro,<\/p>\n","protected":false},"author":1,"featured_media":0,"parent":0,"menu_order":0,"comment_status":"closed","ping_status":"closed","template":"","meta":{"colormag_page_container_layout":"default_layout","colormag_page_sidebar_layout":"default_layout","footnotes":""},"class_list":["post-493","page","type-page","status-publish","hentry"],"_links":{"self":[{"href":"https:\/\/patosesportes.com.br\/index.php?rest_route=\/wp\/v2\/pages\/493","targetHints":{"allow":["GET"]}}],"collection":[{"href":"https:\/\/patosesportes.com.br\/index.php?rest_route=\/wp\/v2\/pages"}],"about":[{"href":"https:\/\/patosesportes.com.br\/index.php?rest_route=\/wp\/v2\/types\/page"}],"author":[{"embeddable":true,"href":"https:\/\/patosesportes.com.br\/index.php?rest_route=\/wp\/v2\/users\/1"}],"replies":[{"embeddable":true,"href":"https:\/\/patosesportes.com.br\/index.php?rest_route=%2Fwp%2Fv2%2Fcomments&post=493"}],"version-history":[{"count":7,"href":"https:\/\/patosesportes.com.br\/index.php?rest_route=\/wp\/v2\/pages\/493\/revisions"}],"predecessor-version":[{"id":4472,"href":"https:\/\/patosesportes.com.br\/index.php?rest_route=\/wp\/v2\/pages\/493\/revisions\/4472"}],"wp:attachment":[{"href":"https:\/\/patosesportes.com.br\/index.php?rest_route=%2Fwp%2Fv2%2Fmedia&parent=493"}],"curies":[{"name":"wp","href":"https:\/\/api.w.org\/{rel}","templated":true}]}}